{"id":498,"date":"2025-11-17T22:14:38","date_gmt":"2025-11-17T21:14:38","guid":{"rendered":"https:\/\/rapemoulinette.fr\/?page_id=498"},"modified":"2025-11-19T14:36:26","modified_gmt":"2025-11-19T13:36:26","slug":"le-livre","status":"publish","type":"page","link":"https:\/\/rapemoulinette.fr\/index.php\/le-livre\/","title":{"rendered":"Ventes"},"content":{"rendered":"\n<p>\u00c7a r\u00e2pe, \u00e7a mouline, et \u00e7a \u00e9dite aussi ! <\/p>\n\n\n\n<p>Les collages sont disponibles en CARTES POSTALES. <\/p>\n\n\n\n<figure class=\"wp-block-image size-full\"><img loading=\"lazy\" decoding=\"async\" width=\"1000\" height=\"542\" src=\"https:\/\/rapemoulinette.fr\/wp-content\/uploads\/2025\/11\/exemplaire.png\" alt=\"\" class=\"wp-image-859\" srcset=\"https:\/\/rapemoulinette.fr\/wp-content\/uploads\/2025\/11\/exemplaire.png 1000w, https:\/\/rapemoulinette.fr\/wp-content\/uploads\/2025\/11\/exemplaire-300x163.png 300w, https:\/\/rapemoulinette.fr\/wp-content\/uploads\/2025\/11\/exemplaire-768x416.png 768w\" sizes=\"auto, (max-width: 1000px) 100vw, 1000px\" \/><\/figure>\n\n\n\n<p>Vous pouvez les trouver au caf\u00e9 Au Fabuleux Destin \u00e0 Aubusson (23), \u00e0 la boutique de l&rsquo;Atelier \u00e0 Roy\u00e8re-de-Vassivi\u00e8re (23), \u00e0 la librairie Dalby \u00e0 Saint Etienne (42), \u00e0 la librairie Passe Temps \u00e0 Eymoutiers (87), \u00e0 la librairie La Nuit des Temps \u00e0 Rennes (35), au Local \u00e0 B\u00e9darieux (34), \u00e0 la librairie Folies d&rsquo;encre \u00e0 Saint-Denis (93).<\/p>\n\n\n\n<p>Nous avons \u00e9galement publi\u00e9 un LIVRE, recueil organis\u00e9 de tous les collages jusque fin 2024.<\/p>\n\n\n<div class=\"wp-block-image\">\n<figure class=\"aligncenter size-large is-resized\"><img loading=\"lazy\" decoding=\"async\" width=\"1024\" height=\"768\" src=\"https:\/\/rapemoulinette.fr\/wp-content\/uploads\/2025\/11\/IMG_E6298-1024x768.jpg\" alt=\"\" class=\"wp-image-844\" style=\"width:722px;height:auto\" srcset=\"https:\/\/rapemoulinette.fr\/wp-content\/uploads\/2025\/11\/IMG_E6298-1024x768.jpg 1024w, https:\/\/rapemoulinette.fr\/wp-content\/uploads\/2025\/11\/IMG_E6298-300x225.jpg 300w, https:\/\/rapemoulinette.fr\/wp-content\/uploads\/2025\/11\/IMG_E6298-768x576.jpg 768w, https:\/\/rapemoulinette.fr\/wp-content\/uploads\/2025\/11\/IMG_E6298-1536x1152.jpg 1536w, https:\/\/rapemoulinette.fr\/wp-content\/uploads\/2025\/11\/IMG_E6298-2048x1536.jpg 2048w, https:\/\/rapemoulinette.fr\/wp-content\/uploads\/2025\/11\/IMG_E6298-1200x900.jpg 1200w, https:\/\/rapemoulinette.fr\/wp-content\/uploads\/2025\/11\/IMG_E6298-1860x1395.jpg 1860w\" sizes=\"auto, (max-width: 1024px) 100vw, 1024px\" \/><\/figure>\n<\/div>\n\n\n<p>Des exemplaires de celui-ci se trouvent dans les librairies La Licorne \u00e0 Aubusson (23), La Limou&rsquo;zine (23), Le Bal des ardents \u00e0 Lyon (69), Le Monte-en-l&rsquo;air \u00e0 Paris (75). <\/p>\n\n\n\n<p>Si vous \u00eates loin de ces lieux sympathiques, vous pouvez aussi nous les commander directement : les cartes sont \u00e0 1 euro (frais de port en sus) et le livre \u00e0 25 euros (frais de port en sus) &#8211;&gt; nous contacter : rapemoulinette [arobase] gmail.com<\/p>\n\n\n\n<p><\/p>\n","protected":false},"excerpt":{"rendered":"<p>\u00c7a r\u00e2pe, \u00e7a mouline, et \u00e7a \u00e9dite aussi ! Les collages sont disponibles en CARTES POSTALES. Vous pouvez les trouver au caf\u00e9 Au Fabuleux Destin \u00e0 Aubusson (23), \u00e0 la boutique de l&rsquo;Atelier \u00e0 Roy\u00e8re-de-Vassivi\u00e8re (23), \u00e0 la librairie Dalby \u00e0 Saint Etienne (42), \u00e0 la librairie Passe Temps \u00e0 Eymoutiers (87), \u00e0 la librairie [&hellip;]<\/p>\n","protected":false},"author":1,"featured_media":0,"parent":0,"menu_order":0,"comment_status":"closed","ping_status":"closed","template":"","meta":{"footnotes":""},"class_list":["post-498","page","type-page","status-publish","hentry","missing-thumbnail"],"jetpack_sharing_enabled":true,"_links":{"self":[{"href":"https:\/\/rapemoulinette.fr\/index.php\/wp-json\/wp\/v2\/pages\/498","targetHints":{"allow":["GET"]}}],"collection":[{"href":"https:\/\/rapemoulinette.fr\/index.php\/wp-json\/wp\/v2\/pages"}],"about":[{"href":"https:\/\/rapemoulinette.fr\/index.php\/wp-json\/wp\/v2\/types\/page"}],"author":[{"embeddable":true,"href":"https:\/\/rapemoulinette.fr\/index.php\/wp-json\/wp\/v2\/users\/1"}],"replies":[{"embeddable":true,"href":"https:\/\/rapemoulinette.fr\/index.php\/wp-json\/wp\/v2\/comments?post=498"}],"version-history":[{"count":5,"href":"https:\/\/rapemoulinette.fr\/index.php\/wp-json\/wp\/v2\/pages\/498\/revisions"}],"predecessor-version":[{"id":861,"href":"https:\/\/rapemoulinette.fr\/index.php\/wp-json\/wp\/v2\/pages\/498\/revisions\/861"}],"wp:attachment":[{"href":"https:\/\/rapemoulinette.fr\/index.php\/wp-json\/wp\/v2\/media?parent=498"}],"curies":[{"name":"wp","href":"https:\/\/api.w.org\/{rel}","templated":true}]}}