{"id":2,"date":"2025-11-16T17:23:15","date_gmt":"2025-11-16T16:23:15","guid":{"rendered":"https:\/\/rapemoulinette.fr\/?page_id=2"},"modified":"2025-11-19T10:22:57","modified_gmt":"2025-11-19T09:22:57","slug":"page-d-exemple","status":"publish","type":"page","link":"https:\/\/rapemoulinette.fr\/index.php\/page-d-exemple\/","title":{"rendered":"KiKonEst"},"content":{"rendered":"\n<p><\/p>\n\n\n\n<figure class=\"wp-block-image size-large\"><img loading=\"lazy\" decoding=\"async\" width=\"1024\" height=\"662\" src=\"https:\/\/rapemoulinette.fr\/wp-content\/uploads\/2025\/11\/cartes-visitecoupee-1024x662.jpg\" alt=\"\" class=\"wp-image-848\" srcset=\"https:\/\/rapemoulinette.fr\/wp-content\/uploads\/2025\/11\/cartes-visitecoupee-1024x662.jpg 1024w, https:\/\/rapemoulinette.fr\/wp-content\/uploads\/2025\/11\/cartes-visitecoupee-300x194.jpg 300w, https:\/\/rapemoulinette.fr\/wp-content\/uploads\/2025\/11\/cartes-visitecoupee-768x497.jpg 768w, https:\/\/rapemoulinette.fr\/wp-content\/uploads\/2025\/11\/cartes-visitecoupee-1536x993.jpg 1536w, https:\/\/rapemoulinette.fr\/wp-content\/uploads\/2025\/11\/cartes-visitecoupee-1200x776.jpg 1200w, https:\/\/rapemoulinette.fr\/wp-content\/uploads\/2025\/11\/cartes-visitecoupee-1860x1203.jpg 1860w, https:\/\/rapemoulinette.fr\/wp-content\/uploads\/2025\/11\/cartes-visitecoupee.jpg 2037w\" sizes=\"auto, (max-width: 1024px) 100vw, 1024px\" \/><\/figure>\n\n\n\n<p>Rap\u00e9Moulinette est un petit collectif qui r\u00e9alise des COLLAGES avec des vieux magazines et de la colle. Pour vos yeux, vos zygomatiques, et parfois m\u00eame vos cerveaux.<\/p>\n","protected":false},"excerpt":{"rendered":"<p>Rap\u00e9Moulinette est un petit collectif qui r\u00e9alise des COLLAGES avec des vieux magazines et de la colle. Pour vos yeux, vos zygomatiques, et parfois m\u00eame vos cerveaux.<\/p>\n","protected":false},"author":1,"featured_media":0,"parent":0,"menu_order":0,"comment_status":"closed","ping_status":"open","template":"","meta":{"footnotes":""},"class_list":["post-2","page","type-page","status-publish","hentry","missing-thumbnail"],"jetpack_sharing_enabled":true,"_links":{"self":[{"href":"https:\/\/rapemoulinette.fr\/index.php\/wp-json\/wp\/v2\/pages\/2","targetHints":{"allow":["GET"]}}],"collection":[{"href":"https:\/\/rapemoulinette.fr\/index.php\/wp-json\/wp\/v2\/pages"}],"about":[{"href":"https:\/\/rapemoulinette.fr\/index.php\/wp-json\/wp\/v2\/types\/page"}],"author":[{"embeddable":true,"href":"https:\/\/rapemoulinette.fr\/index.php\/wp-json\/wp\/v2\/users\/1"}],"replies":[{"embeddable":true,"href":"https:\/\/rapemoulinette.fr\/index.php\/wp-json\/wp\/v2\/comments?post=2"}],"version-history":[{"count":5,"href":"https:\/\/rapemoulinette.fr\/index.php\/wp-json\/wp\/v2\/pages\/2\/revisions"}],"predecessor-version":[{"id":849,"href":"https:\/\/rapemoulinette.fr\/index.php\/wp-json\/wp\/v2\/pages\/2\/revisions\/849"}],"wp:attachment":[{"href":"https:\/\/rapemoulinette.fr\/index.php\/wp-json\/wp\/v2\/media?parent=2"}],"curies":[{"name":"wp","href":"https:\/\/api.w.org\/{rel}","templated":true}]}}